{"id":25,"date":"2023-03-30T10:55:29","date_gmt":"2023-03-30T09:55:29","guid":{"rendered":"http:\/\/cipa.md\/?page_id=25"},"modified":"2023-10-10T09:54:31","modified_gmt":"2023-10-10T08:54:31","slug":"legislatie","status":"publish","type":"page","link":"https:\/\/cipa.md\/?page_id=25","title":{"rendered":"LEGISLATIE"},"content":{"rendered":"\n<p> <strong><a href=\" https:\/\/www.legis.md\/cautare\/getResults?doc_id=136157&amp;lang=ro\">LEGEA 130 din 08.06.2012 <\/a><\/strong><\/p>\n\n\n\n<p><strong><a href=\" https:\/\/www.legis.md\/cautare\/getResults?doc_id=136157&amp;lang=ro\">https:\/\/www.legis.md\/cautare\/getResults?doc_id=136157&amp;lang=ro<\/a><\/strong><\/p>\n\n\n\n<p> <strong><a href=\"  https:\/\/www.legis.md\/cautare\/getResults?doc_id=138036&amp;lang=ro \">HG 293 din 23.04.2014               <\/a><\/strong><\/p>\n\n\n\n<p><strong><a href=\"  https:\/\/www.legis.md\/cautare\/getResults?doc_id=138036&amp;lang=ro \">https:\/\/www.legis.md\/cautare\/getResults?doc_id=138036&amp;lang=ro <\/a><\/strong><\/p>\n\n\n\n<p><\/p>\n\n\n\n<p><\/p>\n\n\n\n<p>Baz\u0103 legislativ\u0103:<\/p>\n\n\n\n<p>Persoanele fizice care doresc s\u0103 de\u021bin\u0103 sau, dup\u0103 caz, s\u0103 poarte \u0219i s\u0103 foloseasc\u0103 arme \u0219i muni\u021bii letale \u0219i\/sau neletale supuse autoriz\u0103rii trebuie s\u0103 urmeze, \u00een prealabil, un curs de instruire teoretic\u0103 \u0219i practic\u0103&nbsp;de m\u00e2nuire a armei de foc, organizat de c\u0103tre o persoan\u0103 juridic\u0103 autorizat\u0103 \u00een acest sens.<\/p>\n\n\n\n<p>Cursul de instruire teoretic\u0103 \u0219i practic\u0103 de m\u00e2nuire a armei de foc este destinate pentru formarea competen\u021belor legate de de\u021binerea \u0219i aplicarea armei de foc.<\/p>\n\n\n\n<p>POT URMA CURSUL DE INI\u021aIERE TEORETIC\u0102 \u0218I PRACTIC\u0102 DE M\u00c2NUIRE A ARMEI DE FOC<\/p>\n\n\n\n<ul>\n<li>Persoanele care&nbsp;au \u00eemplinit v\u00e2rsta de 21 ani&nbsp;\u0219i sunt apte din punct de vedere medical pentru a de\u021bine \u0219i folosi arme \u0219i muni\u021bii;<\/li>\n\n\n\n<li>Posesorii de arme, care doresc s\u0103 se perfec\u021bioneze;<\/li>\n\n\n\n<li>Persoanele care doresc s\u0103 se angajeze \u00een servicii de securitate sau paz\u0103;<\/li>\n\n\n\n<li>Colec\u021bionarii de arme.<\/li>\n<\/ul>\n","protected":false},"excerpt":{"rendered":"<p>LEGEA 130 din 08.06.2012 https:\/\/www.legis.md\/cautare\/getResults?doc_id=136157&amp;lang=ro HG 293 din 23.04.2014 https:\/\/www.legis.md\/cautare\/getResults?doc_id=138036&amp;lang=ro Baz\u0103 legislativ\u0103: Persoanele fizice care doresc s\u0103 de\u021bin\u0103 sau, dup\u0103 caz, s\u0103 poarte \u0219i s\u0103 foloseasc\u0103 arme \u0219i muni\u021bii letale \u0219i\/sau neletale supuse autoriz\u0103rii trebuie s\u0103 urmeze, \u00een prealabil, un &hellip; <a href=\"https:\/\/cipa.md\/?page_id=25\">Continue reading <span class=\"meta-nav\">&rarr;<\/span><\/a><\/p>\n","protected":false},"author":1,"featured_media":0,"parent":0,"menu_order":0,"comment_status":"closed","ping_status":"closed","template":"","meta":[],"_links":{"self":[{"href":"https:\/\/cipa.md\/index.php?rest_route=\/wp\/v2\/pages\/25"}],"collection":[{"href":"https:\/\/cipa.md\/index.php?rest_route=\/wp\/v2\/pages"}],"about":[{"href":"https:\/\/cipa.md\/index.php?rest_route=\/wp\/v2\/types\/page"}],"author":[{"embeddable":true,"href":"https:\/\/cipa.md\/index.php?rest_route=\/wp\/v2\/users\/1"}],"replies":[{"embeddable":true,"href":"https:\/\/cipa.md\/index.php?rest_route=%2Fwp%2Fv2%2Fcomments&post=25"}],"version-history":[{"count":13,"href":"https:\/\/cipa.md\/index.php?rest_route=\/wp\/v2\/pages\/25\/revisions"}],"predecessor-version":[{"id":77,"href":"https:\/\/cipa.md\/index.php?rest_route=\/wp\/v2\/pages\/25\/revisions\/77"}],"wp:attachment":[{"href":"https:\/\/cipa.md\/index.php?rest_route=%2Fwp%2Fv2%2Fmedia&parent=25"}],"curies":[{"name":"wp","href":"https:\/\/api.w.org\/{rel}","templated":true}]}}