{"id":28,"date":"2023-03-30T10:56:08","date_gmt":"2023-03-30T09:56:08","guid":{"rendered":"http:\/\/cipa.md\/?page_id=28"},"modified":"2023-07-14T08:06:58","modified_gmt":"2023-07-14T07:06:58","slug":"instruire","status":"publish","type":"page","link":"https:\/\/cipa.md\/?page_id=28","title":{"rendered":"INSTRUIRE"},"content":{"rendered":"\n<p><\/p>\n\n\n\n<p><strong>Cerin\u0163e speciale:<\/strong><\/p>\n\n\n\n<p>Pot urma cursul de instruire teoretic\u0103 \u0219i practic\u0103 de m\u00e2niure a armei de foc numai persoanele care \u00eendeplinesc&nbsp;<strong>cumulativ<\/strong>&nbsp;urm\u0103toarele condi\u021bii:<\/p>\n\n\n\n<ol type=\"1\" start=\"1\">\n<li>Au \u00eemplinit v\u00e2rsta de 21 ani;<\/li>\n\n\n\n<li>Sunt apte din punct de vedere medical pentru a de\u021bine arme \u0219i muni\u021bie (comisia psihiatric\u0103 \u0219i narcologic\u0103).<\/li>\n<\/ol>\n\n\n\n<p><strong>Acte necesare pentru \u00eenscrierea la curs<\/strong><\/p>\n\n\n\n<ul>\n<li>cerere-tip;<\/li>\n\n\n\n<li>actul de identitate al solicitantului, \u00een original \u015fi \u00een copie, din care rezult\u0103 c\u0103 are cet\u0103\u021benia Republicii Moldova \u0219i are domiciliul pe teritoriul Republicii Moldova;<\/li>\n\n\n\n<li>certificat medical, \u00een original \u015fi \u00een copie, eliberat de o unitate sanitar\u0103 public\u0103 (comisia psihiatric\u0103 \u0219i narcologic\u0103), eliberat&nbsp;cu cel mult 12 luni \u00eenaintea depunerii cererii, din care s\u0103 rezulte c\u0103 este apt pentru a de\u021bine arme \u0219i muni\u021bie.<\/li>\n<\/ul>\n\n\n\n<p><strong>Durata cursului de instruire&nbsp;<\/strong><\/p>\n\n\n\n<ul>\n<li>4 ore \u2013 teme de cunoa\u0219tere a legisla\u021biei privind regimul armelor \u0219i al muni\u021biilor cu detina\u021bie civil\u0103;<\/li>\n\n\n\n<li>4 ore \u2013 teme de cunoa\u0219tere a aspectelor de natur\u0103 juridic\u0103, referitoare la aplicarea armei;<\/li>\n\n\n\n<li>2 ore \u2013 teme de cunoa\u0219tere a procedurii de acordare a primului ajutor \u00een cazul r\u0103nirii cu arma de foc;<\/li>\n\n\n\n<li>4 ore \u2013 teme privind cunoa\u0219terea p\u0103r\u021bilor componente \u0219i a modului de func\u021bionare \u0219i folosire a armelor \u0219i muni\u021biilor;<\/li>\n\n\n\n<li>2 ore \u2013 activitate practic\u0103 de executare a \u0219edin\u021belor de tragere \u00een tir de trageri autorizat.<\/li>\n<\/ul>\n\n\n\n<p><strong>Finalit\u0103\u021bile de studii<\/strong><\/p>\n\n\n\n<p><strong>Va cunoa\u0219te:<\/strong><\/p>\n\n\n\n<ul>\n<li><strong>Legisla\u021bia privind regimul armelor \u0219i al muni\u021biilor cu destina\u021bie civil\u0103;<\/strong><\/li>\n\n\n\n<li><strong>Aspectele de natur\u0103 juridic\u0103 referitor la aplicarea armei de foc;<\/strong><\/li>\n\n\n\n<li><strong>Cerin\u021bele de Securitate de m\u00e2nuire a armei de foc;<\/strong><\/li>\n\n\n\n<li><strong>Normele privind de\u021binerea, portul, transportul, p\u0103strarea, \u00eenstr\u0103inarea \u0219i folosirea armei de foc;<\/strong><\/li>\n\n\n\n<li><strong>Interdic\u021biile \u0219i restric\u021biile stabilite \u00een domeniul armelor \u0219i al muni\u021biilor cu destina\u021bie civil\u0103.<\/strong><\/li>\n<\/ul>\n\n\n\n<p><strong>Va fi capabil:<\/strong><\/p>\n\n\n\n<ul>\n<li><strong>S\u0103 identifice o arm\u0103 de foc;<\/strong><\/li>\n\n\n\n<li><strong>S\u0103 dea apreciere situa\u021biei critice;<\/strong><\/li>\n\n\n\n<li><strong>S\u0103 ia decizii rezonabile;<\/strong><\/li>\n\n\n\n<li><strong>S\u0103 acorde primul ajutor r\u0103ni\u021bilor;<\/strong><\/li>\n\n\n\n<li><strong>S\u0103 p\u0103streze arma \u00een condi\u021bii de securitate.<\/strong><\/li>\n<\/ul>\n\n\n\n<p><strong>Personal didactic:<\/strong><\/p>\n\n\n\n<p><strong>Tonu Alexandru \u2013 Director Curs<\/strong><\/p>\n\n\n\n<p><strong>Lisnic Valeriu \u2013 Director-adjunct de Curs<\/strong><\/p>\n\n\n\n<p><strong>Trifon Victor \u2013 Instructor superior de tir<\/strong><\/p>\n\n\n\n<p><strong>Brailean Veaceslav \u2013 Instructor de tir<\/strong><\/p>\n\n\n\n<p><strong>Linte Nicolae \u2013 Instructor de medicin\u0103<\/strong><\/p>\n","protected":false},"excerpt":{"rendered":"<p>Cerin\u0163e speciale: Pot urma cursul de instruire teoretic\u0103 \u0219i practic\u0103 de m\u00e2niure a armei de foc numai persoanele care \u00eendeplinesc&nbsp;cumulativ&nbsp;urm\u0103toarele condi\u021bii: Acte necesare pentru \u00eenscrierea la curs Durata cursului de instruire&nbsp; Finalit\u0103\u021bile de studii Va cunoa\u0219te: Va fi capabil: Personal &hellip; <a href=\"https:\/\/cipa.md\/?page_id=28\">Continue reading <span class=\"meta-nav\">&rarr;<\/span><\/a><\/p>\n","protected":false},"author":1,"featured_media":0,"parent":0,"menu_order":0,"comment_status":"closed","ping_status":"closed","template":"","meta":[],"_links":{"self":[{"href":"https:\/\/cipa.md\/index.php?rest_route=\/wp\/v2\/pages\/28"}],"collection":[{"href":"https:\/\/cipa.md\/index.php?rest_route=\/wp\/v2\/pages"}],"about":[{"href":"https:\/\/cipa.md\/index.php?rest_route=\/wp\/v2\/types\/page"}],"author":[{"embeddable":true,"href":"https:\/\/cipa.md\/index.php?rest_route=\/wp\/v2\/users\/1"}],"replies":[{"embeddable":true,"href":"https:\/\/cipa.md\/index.php?rest_route=%2Fwp%2Fv2%2Fcomments&post=28"}],"version-history":[{"count":2,"href":"https:\/\/cipa.md\/index.php?rest_route=\/wp\/v2\/pages\/28\/revisions"}],"predecessor-version":[{"id":59,"href":"https:\/\/cipa.md\/index.php?rest_route=\/wp\/v2\/pages\/28\/revisions\/59"}],"wp:attachment":[{"href":"https:\/\/cipa.md\/index.php?rest_route=%2Fwp%2Fv2%2Fmedia&parent=28"}],"curies":[{"name":"wp","href":"https:\/\/api.w.org\/{rel}","templated":true}]}}